{"id":154,"date":"2017-01-12T09:36:19","date_gmt":"2017-01-12T09:36:19","guid":{"rendered":"https:\/\/www.masdeudesign.com\/?page_id=154"},"modified":"2023-12-01T18:07:54","modified_gmt":"2023-12-01T17:07:54","slug":"estudi","status":"publish","type":"page","link":"https:\/\/www.masdeudesign.com\/ca\/estudi\/","title":{"rendered":"Estudi"},"content":{"rendered":"<p><img loading=\"lazy\" decoding=\"async\" data-attachment-id=\"1603\" data-permalink=\"https:\/\/www.masdeudesign.com\/ca\/estudi\/about-heade-v2-2\/\" data-orig-file=\"https:\/\/www.masdeudesign.com\/wp-content\/uploads\/2023\/11\/about-heade-v2.webp\" data-orig-size=\"1200,286\" data-comments-opened=\"0\" data-image-meta=\"{&quot;aperture&quot;:&quot;0&quot;,&quot;credit&quot;:&quot;&quot;,&quot;camera&quot;:&quot;&quot;,&quot;caption&quot;:&quot;&quot;,&quot;created_timestamp&quot;:&quot;0&quot;,&quot;copyright&quot;:&quot;&quot;,&quot;focal_length&quot;:&quot;0&quot;,&quot;iso&quot;:&quot;0&quot;,&quot;shutter_speed&quot;:&quot;0&quot;,&quot;title&quot;:&quot;&quot;,&quot;orientation&quot;:&quot;0&quot;}\" data-image-title=\"about-heade-v2\" data-image-description=\"\" data-image-caption=\"\" data-large-file=\"https:\/\/www.masdeudesign.com\/wp-content\/uploads\/2023\/11\/about-heade-v2.webp\" class=\"alignnone size-full wp-image-1603\" src=\"https:\/\/www.masdeudesign.com\/wp-content\/uploads\/2023\/11\/about-heade-v2.webp\" alt=\"\" width=\"1200\" height=\"286\" srcset=\"https:\/\/www.masdeudesign.com\/wp-content\/uploads\/2023\/11\/about-heade-v2.webp 1200w, https:\/\/www.masdeudesign.com\/wp-content\/uploads\/2023\/11\/about-heade-v2-600x143.webp 600w, https:\/\/www.masdeudesign.com\/wp-content\/uploads\/2023\/11\/about-heade-v2-768x183.webp 768w\" sizes=\"auto, (max-width: 1200px) 100vw, 1200px\" \/><\/p>\n<p class=\"intro\">\u201cEns encanta veure les vostres cares de satisfacci\u00f3 quan veieu el resultat final. Sabem llavors que la nostra feina ha estat ben feta!\u201d<\/p>\n<p class=\"p-estudi\" style=\"text-align: justify;\">A l\u00b4estudi vivim cadasc\u00fan dels nostres projectes amb molta passio i implicaci\u00f3, i ens els fem nostres des del primer moment. Cuidem tots els detalls, per petits que semblin, donant una atenci\u00f3 molt personalitzada per a que us sentiu acompanyats en tot moment i us ajudem a treure profit de l&#8217;espai, aportant solucions enginyoses i plenes de creativitat que milloren qualsevol espai, sigui comercial o particular. Sabem veure els punts forts de cada vivenda o local, tot i que alguns puguin semblar desafortunats, i els portem a l\u00b4extrem per potenciar-los al m\u00e0xim, intentant crear espais nets, purs i atemporals, fugint de les modes passatgeres i amb data de caducitat.<br \/>\nEns agrada crear una identitat pr\u00f2pia per al teu negoci, que el far\u00e0 ser \u00fanic i diferent de la resta de la compet\u00e8ncia, aportant el nostre segell personal per\u00f3 tenint sempre molt en compte les vostres inquietuds i necessitats. En vivendes particulars ens encanta ajudar-vos i fer que el vostre dia a dia sigui m\u00e9s f\u00e0cil, pr\u00e0ctic i funcional i que en definitiva gaudiu de la casa que sempre heu somiat.<br \/>\nEns encarreguem de tot el proc\u00e9s, des de l&#8217;inici fins al final, per a aconseguir que qualsevol projecte sigui un \u00e8xit assegurat i que gaudiu de tot el proc\u00e9s tant com ho fem nosaltres. Per\u00f3 per sobre de tot, ens encanta veure les vostres cares de satisfacci\u00f3 quan veieu el resultat final. Sabem llavors que la nostra feina ha estat ben feta!<\/p>\n<p><div class=\"divider\"><\/div><br \/>\n<div class=\"four-columns-one\"><\/div><div class=\"four-columns-one\"><img loading=\"lazy\" decoding=\"async\" data-attachment-id=\"424\" data-permalink=\"https:\/\/www.masdeudesign.com\/ca\/estudi\/about-46\/\" data-orig-file=\"https:\/\/www.masdeudesign.com\/wp-content\/uploads\/2017\/01\/ABOUT-46.jpg\" data-orig-size=\"3840,5760\" data-comments-opened=\"0\" data-image-meta=\"{&quot;aperture&quot;:&quot;0&quot;,&quot;credit&quot;:&quot;&quot;,&quot;camera&quot;:&quot;&quot;,&quot;caption&quot;:&quot;&quot;,&quot;created_timestamp&quot;:&quot;0&quot;,&quot;copyright&quot;:&quot;(c) Lara L\\u00f3pez&quot;,&quot;focal_length&quot;:&quot;0&quot;,&quot;iso&quot;:&quot;0&quot;,&quot;shutter_speed&quot;:&quot;0&quot;,&quot;title&quot;:&quot;&quot;,&quot;orientation&quot;:&quot;1&quot;}\" data-image-title=\"ABOUT-46\" data-image-description=\"\" data-image-caption=\"\" data-large-file=\"https:\/\/www.masdeudesign.com\/wp-content\/uploads\/2017\/01\/ABOUT-46-2400x3600.jpg\" class=\"alignleft wp-image-424 size-large\" src=\"\/wp-content\/uploads\/2017\/03\/ABOUT-46-web.jpg\" alt=\"Mireia Masdeu\" width=\"580\" height=\"870\" \/><\/p>\n<h2 style=\"text-align: left;\">MIREIA MASDEU<\/h2>\n<p class=\"p-estudi\" style=\"text-align: justify;\">Graduat Superior en Disseny d&#8217;Interiors per Eina, Escola Superior de Disseny i Art (1.999-2.002). Paral\u00b7lelament compagino estudis amb practiques professionals a l&#8217;estudi d&#8217;interiorisme Santiago Nin i al acabar els estudis m&#8217;incorporo durant 4 anys a Fernando Salas Studio, portant a terme la direcci\u00f3 de grans projectes d&#8217;interiorisme i com a coordinadora de tot el grup de treball de l&#8217;estudi. En els \u00faltims anys, gestiono i coordino els projectes d&#8217;interiorisme realitzats conjuntament amb l&#8217;estudi Mariscal. Al 2.006 creo el meu propi estudi de disseny OAK creative design, que posteriorment s&#8217;anomenar\u00e0 mireiamasdeustudio.<br \/>\nA partir del 2.013 ampliem serveis i creem paral\u00b7lelament l&#8217;estudi VidalMasdeu, juntament amb la Sandra Vidal, per donar cobertura a projectes m\u00e9s grans tant a nivell nacional com internacional. <a href=\"http:\/\/www.vidalmasdeu.com\" target=\"_blank\" rel=\"noopener\">www.vidalmasdeu.com<\/a><\/p>\n<\/div><div class=\"four-columns-one\"><img loading=\"lazy\" decoding=\"async\" data-attachment-id=\"424\" data-permalink=\"https:\/\/www.masdeudesign.com\/ca\/estudi\/about-46\/\" data-orig-file=\"https:\/\/www.masdeudesign.com\/wp-content\/uploads\/2017\/01\/ABOUT-46.jpg\" data-orig-size=\"3840,5760\" data-comments-opened=\"0\" data-image-meta=\"{&quot;aperture&quot;:&quot;0&quot;,&quot;credit&quot;:&quot;&quot;,&quot;camera&quot;:&quot;&quot;,&quot;caption&quot;:&quot;&quot;,&quot;created_timestamp&quot;:&quot;0&quot;,&quot;copyright&quot;:&quot;(c) Lara L\\u00f3pez&quot;,&quot;focal_length&quot;:&quot;0&quot;,&quot;iso&quot;:&quot;0&quot;,&quot;shutter_speed&quot;:&quot;0&quot;,&quot;title&quot;:&quot;&quot;,&quot;orientation&quot;:&quot;1&quot;}\" data-image-title=\"ABOUT-46\" data-image-description=\"\" data-image-caption=\"\" data-large-file=\"https:\/\/www.masdeudesign.com\/wp-content\/uploads\/2017\/01\/ABOUT-46-2400x3600.jpg\" class=\"alignleft wp-image-424 size-large\" src=\"\/wp-content\/uploads\/2019\/06\/Foto-web-Alba-Alaminos.jpg\" alt=\"Alba Alaminos\" width=\"580\" height=\"870\" \/><\/p>\n<h2 style=\"text-align: left;\">ALBA ALAMINOS<\/h2>\n<p class=\"p-estudi\" style=\"text-align: justify;\">Graduat Superior en Disseny d&#8217;Interiors per l&#8217;Escola Superior de Disseny ESDI &#8211; URL(2014-2017) i CFGS T\u00e8cnic en desenvolupament de projectes de construcci\u00f3 per l&#8217;Escola Castellarnau de Sabadell (2011-2013).<br \/>\nDes del setembre del 2012 fins al febrer del 2013, realitza pr\u00e0ctiques professionals a l&#8217;estudi VAM Arquitectes. Una cop finalitzats els estudis universitaris de disseny a l&#8217;ESDI, al juny del 2018 s&#8217;incorpora com a professional a l&#8217;estudi.<br \/>\nA part de col\u00b7laborar en el proc\u00e9s creatiu dels projectes de disseny, \u00e9s l&#8217;encarregada de la renderitzaci\u00f3 i la creaci\u00f3 d&#8217;imatges en 3D, aix\u00ed com de realitzar la redacci\u00f3 executiva de tots els projectes de l&#8217;estudi.<\/p>\n<\/div><div class=\"four-columns-one last\"><\/div><br \/>\n<div class=\"divider\"><\/div><\/p>\n<h5 style=\"text-align: left;\">SERVEIS:<\/h5>\n<div id=\"attachment_478\" style=\"width: 610px\" class=\"wp-caption alignleft caption-style\"><a href=\"\/ca\/project-type\/comercial\/\"><img loading=\"lazy\" decoding=\"async\" aria-describedby=\"caption-attachment-478\" data-attachment-id=\"478\" data-permalink=\"https:\/\/www.masdeudesign.com\/ca\/estudi\/comercial\/\" data-orig-file=\"https:\/\/www.masdeudesign.com\/wp-content\/uploads\/2017\/01\/comercial.jpg\" data-orig-size=\"3108,3108\" data-comments-opened=\"0\" data-image-meta=\"{&quot;aperture&quot;:&quot;16&quot;,&quot;credit&quot;:&quot;Mauricio Fuertes&quot;,&quot;camera&quot;:&quot;Hasselblad H3DII-39&quot;,&quot;caption&quot;:&quot;&quot;,&quot;created_timestamp&quot;:&quot;1302998400&quot;,&quot;copyright&quot;:&quot;&quot;,&quot;focal_length&quot;:&quot;80&quot;,&quot;iso&quot;:&quot;50&quot;,&quot;shutter_speed&quot;:&quot;0.5&quot;,&quot;title&quot;:&quot;&quot;,&quot;orientation&quot;:&quot;1&quot;}\" data-image-title=\"comercial\" data-image-description=\"\" data-image-caption=\"\" data-large-file=\"https:\/\/www.masdeudesign.com\/wp-content\/uploads\/2017\/01\/comercial.jpg\" class=\"wp-image-478 size-medium\" src=\"https:\/\/www.masdeudesign.com\/wp-content\/uploads\/2017\/01\/comercial-600x600.jpg\" alt=\"Comercial\" width=\"600\" height=\"600\" srcset=\"https:\/\/www.masdeudesign.com\/wp-content\/uploads\/2017\/01\/comercial-600x600.jpg 600w, https:\/\/www.masdeudesign.com\/wp-content\/uploads\/2017\/01\/comercial-300x300.jpg 300w, https:\/\/www.masdeudesign.com\/wp-content\/uploads\/2017\/01\/comercial-768x768.jpg 768w, https:\/\/www.masdeudesign.com\/wp-content\/uploads\/2017\/01\/comercial-50x50.jpg 50w\" sizes=\"auto, (max-width: 600px) 100vw, 600px\" \/><\/a><p id=\"caption-attachment-478\" class=\"wp-caption-text\">Comercial<\/p><\/div>\n<div id=\"serveis-2\" style=\"width: 2198px\" class=\"wp-caption alignleft caption-style\"><a href=\"\/ca\/project-type\/residencial_\/\"><img loading=\"lazy\" decoding=\"async\" aria-describedby=\"caption-serveis-2\" class=\"alignnone size-full wp-image-480\" src=\"\/wp-content\/uploads\/2017\/03\/Imatge-residencial-web.jpg\" alt=\"Residencial\" width=\"2188\" height=\"2188\" \/><\/a><p id=\"caption-serveis-2\" class=\"wp-caption-text\">Residencial<\/p><\/div>\n<div id=\"attachment_481\" style=\"width: 610px\" class=\"wp-caption alignleft caption-style\"><a href=\"\/ca\/project-type\/restauracio\/\"><img loading=\"lazy\" decoding=\"async\" aria-describedby=\"caption-attachment-481\" data-attachment-id=\"481\" data-permalink=\"https:\/\/www.masdeudesign.com\/ca\/estudi\/restauracio\/\" data-orig-file=\"https:\/\/www.masdeudesign.com\/wp-content\/uploads\/2017\/01\/restauracio.jpg\" data-orig-size=\"3744,3744\" data-comments-opened=\"0\" data-image-meta=\"{&quot;aperture&quot;:&quot;13&quot;,&quot;credit&quot;:&quot;&quot;,&quot;camera&quot;:&quot;Canon EOS 5D Mark II&quot;,&quot;caption&quot;:&quot;&quot;,&quot;created_timestamp&quot;:&quot;1305457298&quot;,&quot;copyright&quot;:&quot;&quot;,&quot;focal_length&quot;:&quot;24&quot;,&quot;iso&quot;:&quot;100&quot;,&quot;shutter_speed&quot;:&quot;0.25&quot;,&quot;title&quot;:&quot;&quot;,&quot;orientation&quot;:&quot;1&quot;}\" data-image-title=\"restauracio\" data-image-description=\"\" data-image-caption=\"\" data-large-file=\"https:\/\/www.masdeudesign.com\/wp-content\/uploads\/2017\/01\/restauracio-3600x3600.jpg\" class=\"wp-image-481 size-medium\" src=\"https:\/\/www.masdeudesign.com\/wp-content\/uploads\/2017\/01\/restauracio-600x600.jpg\" alt=\"Restauraci\u00f3\" width=\"600\" height=\"600\" srcset=\"https:\/\/www.masdeudesign.com\/wp-content\/uploads\/2017\/01\/restauracio-600x600.jpg 600w, https:\/\/www.masdeudesign.com\/wp-content\/uploads\/2017\/01\/restauracio-300x300.jpg 300w, https:\/\/www.masdeudesign.com\/wp-content\/uploads\/2017\/01\/restauracio-768x768.jpg 768w, https:\/\/www.masdeudesign.com\/wp-content\/uploads\/2017\/01\/restauracio-50x50.jpg 50w\" sizes=\"auto, (max-width: 600px) 100vw, 600px\" \/><\/a><p id=\"caption-attachment-481\" class=\"wp-caption-text\">Restauraci\u00f3<\/p><\/div>\n<div id=\"attachment_790\" style=\"width: 610px\" class=\"wp-caption alignleft caption-style\"><a href=\"\/ca\/project-type\/oficines\/\"><img loading=\"lazy\" decoding=\"async\" aria-describedby=\"caption-attachment-790\" data-attachment-id=\"790\" data-permalink=\"https:\/\/www.masdeudesign.com\/ca\/estudi\/imatge-oficines-web\/\" data-orig-file=\"https:\/\/www.masdeudesign.com\/wp-content\/uploads\/2017\/01\/Imatge-oficines-web.jpg\" data-orig-size=\"600,600\" data-comments-opened=\"0\" data-image-meta=\"{&quot;aperture&quot;:&quot;0&quot;,&quot;credit&quot;:&quot;&quot;,&quot;camera&quot;:&quot;&quot;,&quot;caption&quot;:&quot;&quot;,&quot;created_timestamp&quot;:&quot;0&quot;,&quot;copyright&quot;:&quot;&quot;,&quot;focal_length&quot;:&quot;0&quot;,&quot;iso&quot;:&quot;0&quot;,&quot;shutter_speed&quot;:&quot;0&quot;,&quot;title&quot;:&quot;&quot;,&quot;orientation&quot;:&quot;0&quot;}\" data-image-title=\"Imatge-oficines-web\" data-image-description=\"\" data-image-caption=\"\" data-large-file=\"https:\/\/www.masdeudesign.com\/wp-content\/uploads\/2017\/01\/Imatge-oficines-web.jpg\" class=\"wp-image-790 size-full\" src=\"https:\/\/www.masdeudesign.com\/wp-content\/uploads\/2017\/01\/Imatge-oficines-web.jpg\" alt=\"\" width=\"600\" height=\"600\" srcset=\"https:\/\/www.masdeudesign.com\/wp-content\/uploads\/2017\/01\/Imatge-oficines-web.jpg 600w, https:\/\/www.masdeudesign.com\/wp-content\/uploads\/2017\/01\/Imatge-oficines-web-300x300.jpg 300w, https:\/\/www.masdeudesign.com\/wp-content\/uploads\/2017\/01\/Imatge-oficines-web-50x50.jpg 50w\" sizes=\"auto, (max-width: 600px) 100vw, 600px\" \/><\/a><p id=\"caption-attachment-790\" class=\"wp-caption-text\">Oficines<\/p><\/div>\n<p><div id=\"attachment_728\" style=\"width: 610px\" class=\"wp-caption alignleft caption-last\"><a href=\"\/ca\/project-type\/altres\/\"><img loading=\"lazy\" decoding=\"async\" aria-describedby=\"caption-attachment-728\" data-attachment-id=\"728\" data-permalink=\"https:\/\/www.masdeudesign.com\/ca\/imatge-altres-web\/\" data-orig-file=\"https:\/\/www.masdeudesign.com\/wp-content\/uploads\/2017\/02\/Imatge-ALTRES-web.jpg\" data-orig-size=\"600,600\" data-comments-opened=\"0\" data-image-meta=\"{&quot;aperture&quot;:&quot;0&quot;,&quot;credit&quot;:&quot;&quot;,&quot;camera&quot;:&quot;&quot;,&quot;caption&quot;:&quot;&quot;,&quot;created_timestamp&quot;:&quot;0&quot;,&quot;copyright&quot;:&quot;&quot;,&quot;focal_length&quot;:&quot;0&quot;,&quot;iso&quot;:&quot;0&quot;,&quot;shutter_speed&quot;:&quot;0&quot;,&quot;title&quot;:&quot;&quot;,&quot;orientation&quot;:&quot;0&quot;}\" data-image-title=\"Imatge-ALTRES-web\" data-image-description=\"\" data-image-caption=\"\" data-large-file=\"https:\/\/www.masdeudesign.com\/wp-content\/uploads\/2017\/02\/Imatge-ALTRES-web.jpg\" class=\"wp-image-728 size-full\" src=\"https:\/\/www.masdeudesign.com\/wp-content\/uploads\/2017\/02\/Imatge-ALTRES-web.jpg\" alt=\"\" width=\"600\" height=\"600\" srcset=\"https:\/\/www.masdeudesign.com\/wp-content\/uploads\/2017\/02\/Imatge-ALTRES-web.jpg 600w, https:\/\/www.masdeudesign.com\/wp-content\/uploads\/2017\/02\/Imatge-ALTRES-web-300x300.jpg 300w, https:\/\/www.masdeudesign.com\/wp-content\/uploads\/2017\/02\/Imatge-ALTRES-web-50x50.jpg 50w\" sizes=\"auto, (max-width: 600px) 100vw, 600px\" \/><\/a><p id=\"caption-attachment-728\" class=\"wp-caption-text\">Altres<\/p><\/div><\/p>","protected":false},"excerpt":{"rendered":"<p>\u201cEns encanta veure les vostres cares de satisfacci\u00f3 quan veieu el resultat final. Sabem llavors que la nostra feina ha estat ben feta!\u201d A l\u00b4estudi vivim cadasc\u00fan dels nostres projectes amb molta passio i implicaci\u00f3, i ens els fem nostres des del primer moment. Cuidem tots els detalls, per petits que semblin, donant una atenci\u00f3 [&hellip;]<\/p>\n","protected":false},"author":1,"featured_media":0,"parent":0,"menu_order":1,"comment_status":"closed","ping_status":"closed","template":"","meta":{"footnotes":""},"class_list":["post-154","page","type-page","status-publish","hentry"],"jetpack_sharing_enabled":true,"_links":{"self":[{"href":"https:\/\/www.masdeudesign.com\/ca\/wp-json\/wp\/v2\/pages\/154","targetHints":{"allow":["GET"]}}],"collection":[{"href":"https:\/\/www.masdeudesign.com\/ca\/wp-json\/wp\/v2\/pages"}],"about":[{"href":"https:\/\/www.masdeudesign.com\/ca\/wp-json\/wp\/v2\/types\/page"}],"author":[{"embeddable":true,"href":"https:\/\/www.masdeudesign.com\/ca\/wp-json\/wp\/v2\/users\/1"}],"replies":[{"embeddable":true,"href":"https:\/\/www.masdeudesign.com\/ca\/wp-json\/wp\/v2\/comments?post=154"}],"version-history":[{"count":115,"href":"https:\/\/www.masdeudesign.com\/ca\/wp-json\/wp\/v2\/pages\/154\/revisions"}],"predecessor-version":[{"id":1626,"href":"https:\/\/www.masdeudesign.com\/ca\/wp-json\/wp\/v2\/pages\/154\/revisions\/1626"}],"wp:attachment":[{"href":"https:\/\/www.masdeudesign.com\/ca\/wp-json\/wp\/v2\/media?parent=154"}],"curies":[{"name":"wp","href":"https:\/\/api.w.org\/{rel}","templated":true}]}}